{"id":102,"date":"2019-12-30T22:03:00","date_gmt":"2019-12-30T21:03:00","guid":{"rendered":"http:\/\/la-sorpresa-coaching.nl\/?page_id=102"},"modified":"2022-05-08T08:48:18","modified_gmt":"2022-05-08T06:48:18","slug":"la-sorpresa-coaching-coaching","status":"publish","type":"page","link":"https:\/\/la-sorpresa-coaching.nl\/es\/la-sorpresa-coaching-coaching\/","title":{"rendered":"La Sorpresa Coaching &#038; Trainingen | Coaching"},"content":{"rendered":"\n<style type=\"text\/css\" data-created_by=\"avia_inline_auto\" id=\"style-css-av-k5ktzzyq-ae65ab15bfff2cee596d188b83f714b0\">\n.avia-section.av-k5ktzzyq-ae65ab15bfff2cee596d188b83f714b0{\nbackground-color:#c0d8cb;\nbackground-image:unset;\n}\n<\/style>\n<div id='av_section_1'  class='avia-section av-k5ktzzyq-ae65ab15bfff2cee596d188b83f714b0 main_color avia-section-default avia-no-border-styling  avia-builder-el-0  avia-builder-el-no-sibling  avia-bg-style-scroll container_wrap sidebar_right'  ><div class='container av-section-cont-open' ><main  role=\"main\" itemprop=\"mainContentOfPage\"  class='template-page content  av-content-small alpha units'><div class='post-entry post-entry-type-page post-entry-102'><div class='entry-content-wrapper clearfix'>\n\n<style type=\"text\/css\" data-created_by=\"avia_inline_auto\" id=\"style-css-av-86sqe-8761ec5d36a03175dd2a5bc3d258e92c\">\n#top .av-special-heading.av-86sqe-8761ec5d36a03175dd2a5bc3d258e92c{\npadding-bottom:10px;\n}\nbody .av-special-heading.av-86sqe-8761ec5d36a03175dd2a5bc3d258e92c .av-special-heading-tag .heading-char{\nfont-size:25px;\n}\n.av-special-heading.av-86sqe-8761ec5d36a03175dd2a5bc3d258e92c .av-subheading{\nfont-size:15px;\n}\n<\/style>\n<div  class='av-special-heading av-86sqe-8761ec5d36a03175dd2a5bc3d258e92c av-special-heading-h2 blockquote modern-quote modern-centered  avia-builder-el-1  el_before_av_hr  avia-builder-el-first '><h2 class='av-special-heading-tag '  itemprop=\"headline\"  >Coaching<\/h2><div class=\"special-heading-border\"><div class=\"special-heading-inner-border\"><\/div><\/div><\/div>\n\n<style type=\"text\/css\" data-created_by=\"avia_inline_auto\" id=\"style-css-av-k5kuxcja-a10f7085f925faea686469627e05e5b2\">\n#top .hr.hr-invisible.av-k5kuxcja-a10f7085f925faea686469627e05e5b2{\nheight:30px;\n}\n<\/style>\n<div  class='hr av-k5kuxcja-a10f7085f925faea686469627e05e5b2 hr-invisible  avia-builder-el-2  el_after_av_heading  el_before_av_one_full '><span class='hr-inner '><span class=\"hr-inner-style\"><\/span><\/span><\/div>\n\n<style type=\"text\/css\" data-created_by=\"avia_inline_auto\" id=\"style-css-av-19b0we-999c0ed3d4bc693003331bc3c5eb9843\">\n.flex_column.av-19b0we-999c0ed3d4bc693003331bc3c5eb9843{\nborder-radius:0px 0px 0px 0px;\npadding:0px 0px 0px 0px;\n}\n<\/style>\n<div  class='flex_column av-19b0we-999c0ed3d4bc693003331bc3c5eb9843 av_one_full  avia-builder-el-3  el_after_av_hr  el_before_av_two_third  first flex_column_div av-zero-column-padding  '     ><section  class='av_textblock_section av-k5kurdaq-7a5dd5eb3c0d473bd607e71b0f398b10 '   itemscope=\"itemscope\" itemtype=\"https:\/\/schema.org\/CreativeWork\" ><div class='avia_textblock'  itemprop=\"text\" ><p>Coaching biedt uitkomst wanneer je aanloopt tegen bepaalde thema\u2019s of problemen of iets wilt veranderen in je leven maar je weet niet hoe. Denk aan een ruzie die voort blijft duren, relatieproblemen of geen nee kunnen zeggen. Wanneer een dergelijk probleem speelt, dan lijkt het of je vastzit in een labyrint. Het is dan moeilijk om te zien wat er wel goed gaat en wat je zelf in huis hebt om zaken anders te bekijken. Dat is kortgezegd waar ik je mee help.<\/p>\n<p>Je hebt alles al in je.<\/p>\n<\/div><\/section><\/div>\n<style type=\"text\/css\" data-created_by=\"avia_inline_auto\" id=\"style-css-av-13dm12-b116d1bbfe513cb9827e1e7ccb3d0de6\">\n.flex_column.av-13dm12-b116d1bbfe513cb9827e1e7ccb3d0de6{\nborder-radius:0px 0px 0px 0px;\npadding:0px 0px 0px 0px;\n}\n<\/style>\n<div  class='flex_column av-13dm12-b116d1bbfe513cb9827e1e7ccb3d0de6 av_two_third  avia-builder-el-5  el_after_av_one_full  el_before_av_one_third  first flex_column_div av-zero-column-padding  column-top-margin'     ><section  class='av_textblock_section av-k5kuprou-a0112b97b39a0a372c73c8c0ffeec031 '   itemscope=\"itemscope\" itemtype=\"https:\/\/schema.org\/CreativeWork\" ><div class='avia_textblock'  itemprop=\"text\" ><h3>La Sorpresa Coaching begeleidt mensen bij:<\/h3>\n<ul>\n<li>burn-outverschijnselen en stressklachten;<\/li>\n<li>moeilijk grenzen kunnen stellen of nee kunnen zeggen;<\/li>\n<li>perfectionisme, onzekerheid en\/of faalangst;<\/li>\n<li>vermoeidheid en\/of somberheid;<\/li>\n<li>problemen in relatie, gezin of werk;<\/li>\n<li>loopbaanvraagstukken.<\/li>\n<\/ul>\n<\/div><\/section><\/div>\n<style type=\"text\/css\" data-created_by=\"avia_inline_auto\" id=\"style-css-av-3fxhy-3615cf279e2c8c3265af92e971723061\">\n.flex_column.av-3fxhy-3615cf279e2c8c3265af92e971723061{\nborder-radius:0px 0px 0px 0px;\npadding:0px 0px 0px 0px;\n}\n<\/style>\n<div  class='flex_column av-3fxhy-3615cf279e2c8c3265af92e971723061 av_one_third  avia-builder-el-7  el_after_av_two_third  el_before_av_one_third  flex_column_div av-zero-column-padding  column-top-margin'     ><style type=\"text\/css\" data-created_by=\"avia_inline_auto\" id=\"style-css-av-k5kuqyja-75948a0846b2824fa54d60b1307489a8\">\n.avia-image-container.av-k5kuqyja-75948a0846b2824fa54d60b1307489a8 img.avia_image{\nbox-shadow:none;\n}\n.avia-image-container.av-k5kuqyja-75948a0846b2824fa54d60b1307489a8 .av-image-caption-overlay-center{\ncolor:#ffffff;\n}\n<\/style>\n<div  class='avia-image-container av-k5kuqyja-75948a0846b2824fa54d60b1307489a8 av-styling- avia-align-center  avia-builder-el-8  avia-builder-el-no-sibling '   itemprop=\"image\" itemscope=\"itemscope\" itemtype=\"https:\/\/schema.org\/ImageObject\" ><div class=\"avia-image-container-inner\"><div class=\"avia-image-overlay-wrap\"><img decoding=\"async\" fetchpriority=\"high\" class='wp-image-352 avia-img-lazy-loading-not-352 avia_image ' src=\"https:\/\/la-sorpresa-coaching.nl\/wp-content\/uploads\/2020\/01\/labyrinth-1-225x300.jpeg\" alt='La Sorpresa Coaching' title='La Sorpresa Coaching'  height=\"300\" width=\"225\"  itemprop=\"thumbnailUrl\" srcset=\"https:\/\/la-sorpresa-coaching.nl\/wp-content\/uploads\/2020\/01\/labyrinth-1-225x300.jpeg 225w, https:\/\/la-sorpresa-coaching.nl\/wp-content\/uploads\/2020\/01\/labyrinth-1-771x1030.jpeg 771w, https:\/\/la-sorpresa-coaching.nl\/wp-content\/uploads\/2020\/01\/labyrinth-1-768x1026.jpeg 768w, https:\/\/la-sorpresa-coaching.nl\/wp-content\/uploads\/2020\/01\/labyrinth-1-528x705.jpeg 528w, https:\/\/la-sorpresa-coaching.nl\/wp-content\/uploads\/2020\/01\/labyrinth-1.jpeg 1000w\" sizes=\"(max-width: 225px) 100vw, 225px\" \/><\/div><\/div><\/div><\/div>\n<style type=\"text\/css\" data-created_by=\"avia_inline_auto\" id=\"style-css-av-bh72u-929acb9237849b5b430cf2d3b7f0061f\">\n.flex_column.av-bh72u-929acb9237849b5b430cf2d3b7f0061f{\nborder-radius:0px 0px 0px 0px;\npadding:0px 0px 0px 0px;\n}\n<\/style>\n<div  class='flex_column av-bh72u-929acb9237849b5b430cf2d3b7f0061f av_one_third  avia-builder-el-9  el_after_av_one_third  el_before_av_two_third  first flex_column_div av-zero-column-padding  column-top-margin'     ><style type=\"text\/css\" data-created_by=\"avia_inline_auto\" id=\"style-css-av-k5kv5t0o-0b8cfcea21bf3c4e94f11e479ef8f2a8\">\n.avia-image-container.av-k5kv5t0o-0b8cfcea21bf3c4e94f11e479ef8f2a8 img.avia_image{\nbox-shadow:none;\n}\n.avia-image-container.av-k5kv5t0o-0b8cfcea21bf3c4e94f11e479ef8f2a8 .av-image-caption-overlay-center{\ncolor:#ffffff;\n}\n<\/style>\n<div  class='avia-image-container av-k5kv5t0o-0b8cfcea21bf3c4e94f11e479ef8f2a8 av-styling- avia-align-center  avia-builder-el-10  avia-builder-el-no-sibling '   itemprop=\"image\" itemscope=\"itemscope\" itemtype=\"https:\/\/schema.org\/ImageObject\" ><div class=\"avia-image-container-inner\"><div class=\"avia-image-overlay-wrap\"><img decoding=\"async\" fetchpriority=\"high\" class='wp-image-257 avia-img-lazy-loading-not-257 avia_image ' src=\"https:\/\/la-sorpresa-coaching.nl\/wp-content\/uploads\/2020\/01\/forest-trees-perspective-bright-957024-1-300x200.jpeg\" alt='' title='forest-trees-perspective-bright-957024'  height=\"200\" width=\"300\"  itemprop=\"thumbnailUrl\" srcset=\"https:\/\/la-sorpresa-coaching.nl\/wp-content\/uploads\/2020\/01\/forest-trees-perspective-bright-957024-1-300x200.jpeg 300w, https:\/\/la-sorpresa-coaching.nl\/wp-content\/uploads\/2020\/01\/forest-trees-perspective-bright-957024-1-768x512.jpeg 768w, https:\/\/la-sorpresa-coaching.nl\/wp-content\/uploads\/2020\/01\/forest-trees-perspective-bright-957024-1-705x470.jpeg 705w, https:\/\/la-sorpresa-coaching.nl\/wp-content\/uploads\/2020\/01\/forest-trees-perspective-bright-957024-1.jpeg 1000w\" sizes=\"(max-width: 300px) 100vw, 300px\" \/><\/div><\/div><\/div><\/div>\n<style type=\"text\/css\" data-created_by=\"avia_inline_auto\" id=\"style-css-av-2tx26-fab71bead2ac9f9a89fd03e885ae89ae\">\n.flex_column.av-2tx26-fab71bead2ac9f9a89fd03e885ae89ae{\nborder-radius:0px 0px 0px 0px;\npadding:0px 0px 0px 0px;\n}\n<\/style>\n<div  class='flex_column av-2tx26-fab71bead2ac9f9a89fd03e885ae89ae av_two_third  avia-builder-el-11  el_after_av_one_third  el_before_av_hr  flex_column_div av-zero-column-padding  column-top-margin'     ><section  class='av_textblock_section av-k5kuprou-a0112b97b39a0a372c73c8c0ffeec031 '   itemscope=\"itemscope\" itemtype=\"https:\/\/schema.org\/CreativeWork\" ><div class='avia_textblock'  itemprop=\"text\" ><h3><strong>Wat levert coaching je op?<\/strong><\/h3>\n<p>Je leert effectiever reageren op situaties en keuzes maken die bij je passen. Zo groeit je zelfvertrouwen en sta je krachtiger in het leven. Wat ik vaak hoor is dat mensen meer inzicht krijgen in zichzelf en dat ze meer helderheid, rust en vrijheid ervaren. Ook zetten ze doelgericht stappen.<\/p>\n<p>Lees <a href=\"http:\/\/la-sorpresa-coaching.nl\/la-sorpresa-coaching-clienten-vertellen\/\" target=\"_blank\" rel=\"noopener\">hier<\/a> de ervaringen van cli\u00ebnten.<\/p>\n<\/div><\/section><\/div><div  class='hr av-w032-92c8a473c01ee38882d43609a3f47dc1 hr-default  avia-builder-el-13  el_after_av_two_third  el_before_av_hr '><span class='hr-inner '><span class=\"hr-inner-style\"><\/span><\/span><\/div>\n\n<style type=\"text\/css\" data-created_by=\"avia_inline_auto\" id=\"style-css-av-k5zecknm-ec6bc7c8193e2debb3a32d83fe81488a\">\n#top .hr.hr-invisible.av-k5zecknm-ec6bc7c8193e2debb3a32d83fe81488a{\nheight:35px;\n}\n<\/style>\n<div  class='hr av-k5zecknm-ec6bc7c8193e2debb3a32d83fe81488a hr-invisible  avia-builder-el-14  el_after_av_hr  el_before_av_textblock '><span class='hr-inner '><span class=\"hr-inner-style\"><\/span><\/span><\/div>\n<section  class='av_textblock_section av-k4sxiwy6-940e1025f94a60a6f401608a1ee467bc '   itemscope=\"itemscope\" itemtype=\"https:\/\/schema.org\/CreativeWork\" ><div class='avia_textblock'  itemprop=\"text\" ><h3><strong>De inhoud van een sessie<\/strong><\/h3>\n<p>Ik luister en stel vragen die je prikkelen en uitdagen om zelf bij je antwoorden te komen. Bovendien bied ik je de veiligheid om in alle rust en openheid aan de slag te gaan.<\/p>\n<p>Samen kijken we naar de patronen en strategie\u00ebn die je gebruikt en die je verder helpen of juist niet. [LINK NLP] Veel gedrag, beslissingen en gevoelens zijn terug te herleiden naar het systeem waar je vandaan komt. Zicht op je familie maakt daarom veel duidelijk. [LINK SYSTEMISCH WERK] Verder kijken we naar de oplossingen die je al in je hebt en de bezigheden waarvan je energie krijgt. [LINK OPLOSSINGSGERICHT WERKEN] En we werken natuurlijk aan de belangrijkste vraag \u2018waar wil ik naartoe?\u2019<\/p>\n<\/div><\/section>\n<section  class='av_textblock_section av-k4sxiwy6-940e1025f94a60a6f401608a1ee467bc '   itemscope=\"itemscope\" itemtype=\"https:\/\/schema.org\/CreativeWork\" ><div class='avia_textblock'  itemprop=\"text\" ><h3><strong>Kies je voor La Sorpresa Coaching?<\/strong><\/h3>\n<p>In een of meerdere coachgesprekken onderzoeken we je vraag. Je kunt ook terecht voor een eenmalig richtinggevend gesprek.<\/p>\n<p>Ben je nieuwsgierig naar wat je allemaal in je hebt om voluit te kunnen leven?<\/p>\n<p>Bel of mail me dan. Samen ontdekken we of ik de coach ben die bij je past.<\/p>\n<p><a href=\"mailto:as****@******************ng.nl\" data-original-string=\"j5FbSurmw3oRb+4yelx+dQ==e3fgtcEkYD6NVmvpzOvt5DYR+kdWYZ8Y5yDw74I\/Pl0jX4=\" title=\"Este contacto ha sido codificado por Anti-Spam by CleanTalk. Haz clic para decodificar. Para finalizar la decodificaci\u00f3n, aseg\u00farate de que JavaScript est\u00e1 activado en tu navegador.\"><span \n                data-original-string='v6tbqq8WFCqm8MCzkIH0\/w==e3fdpKnMLOBIOt3ZSy+v8cjlJxYSAchy5j6Uqh5aCqdmiA='\n                class='apbct-email-encoder'\n                title='Este contacto ha sido codificado por Anti-Spam by CleanTalk. Haz clic para decodificar. Para finalizar la decodificaci\u00f3n, aseg\u00farate de que JavaScript est\u00e1 activado en tu navegador.'>as<span class=\"apbct-blur\">****<\/span>@<span class=\"apbct-blur\">******************<\/span>ng.nl<\/span><\/a><\/p>\n<p><a href=\"tel:+31648159979\">Bel me op +31648159979<\/a><\/p>\n<p><em>Wanneer je na een telefonische kennismaking besluit dat je met La Sorpresa Coaching aan de slag wilt, stuur ik je een intakeformulier toe. Aan de hand van je antwoorden volgt een kennismakingsgesprek. Hierin kijken we naar je coachvraag en wat ik daarin kan betekenen. Je krijgt dan ook een indicatie van het aantal sessies. Meestal zijn dit er 4 tot 8. Alle gesprekken duren anderhalf uur.<\/em><\/p>\n<\/div><\/section>\n<\/div><\/div><\/main><!-- close content main element --><\/div><\/div><div id='after_section_1'  class='main_color av_default_container_wrap container_wrap sidebar_right'  ><div class='container av-section-cont-open' ><div class='template-page content  av-content-small alpha units'><div class='post-entry post-entry-type-page post-entry-102'><div class='entry-content-wrapper clearfix'>\n","protected":false},"excerpt":{"rendered":"","protected":false},"author":1,"featured_media":0,"parent":0,"menu_order":0,"comment_status":"closed","ping_status":"closed","template":"","meta":{"footnotes":""},"class_list":["post-102","page","type-page","status-publish","hentry"],"yoast_head":"<!-- This site is optimized with the Yoast SEO plugin v27.5 - https:\/\/yoast.com\/product\/yoast-seo-wordpress\/ -->\n<title>La Sorpresa Coaching &amp; Trainingen | Coaching - La Sorpresa Coaching<\/title>\n<meta name=\"robots\" content=\"index, follow, max-snippet:-1, max-image-preview:large, max-video-preview:-1\" \/>\n<link rel=\"canonical\" href=\"http:\/\/la-sorpresa-coaching.nl\/es\/la-sorpresa-coaching-coaching\/\" \/>\n<meta property=\"og:locale\" content=\"es_ES\" \/>\n<meta property=\"og:type\" content=\"article\" \/>\n<meta property=\"og:title\" content=\"La Sorpresa Coaching &amp; Trainingen | Coaching - La Sorpresa Coaching\" \/>\n<meta property=\"og:url\" content=\"http:\/\/la-sorpresa-coaching.nl\/es\/la-sorpresa-coaching-coaching\/\" \/>\n<meta property=\"og:site_name\" content=\"La Sorpresa Coaching\" \/>\n<meta property=\"article:publisher\" content=\"https:\/\/www.facebook.com\/La-Sorpresa-Coaching-106526217560482\/?modal=admin_todo_tour\" \/>\n<meta property=\"article:modified_time\" content=\"2022-05-08T06:48:18+00:00\" \/>\n<meta property=\"og:image\" content=\"https:\/\/la-sorpresa-coaching.nl\/wp-content\/uploads\/2020\/06\/MG_4231-1030x687.jpg\" \/>\n\t<meta property=\"og:image:width\" content=\"1030\" \/>\n\t<meta property=\"og:image:height\" content=\"687\" \/>\n\t<meta property=\"og:image:type\" content=\"image\/jpeg\" \/>\n<meta name=\"twitter:card\" content=\"summary_large_image\" \/>\n<meta name=\"twitter:label1\" content=\"Tiempo de lectura\" \/>\n\t<meta name=\"twitter:data1\" content=\"5 minutos\" \/>\n<script type=\"application\/ld+json\" class=\"yoast-schema-graph\">{\"@context\":\"https:\\\/\\\/schema.org\",\"@graph\":[{\"@type\":\"WebPage\",\"@id\":\"http:\\\/\\\/la-sorpresa-coaching.nl\\\/es\\\/la-sorpresa-coaching-coaching\\\/\",\"url\":\"http:\\\/\\\/la-sorpresa-coaching.nl\\\/es\\\/la-sorpresa-coaching-coaching\\\/\",\"name\":\"La Sorpresa Coaching & Trainingen | Coaching - La Sorpresa Coaching\",\"isPartOf\":{\"@id\":\"http:\\\/\\\/la-sorpresa-coaching.nl\\\/#website\"},\"datePublished\":\"2019-12-30T21:03:00+00:00\",\"dateModified\":\"2022-05-08T06:48:18+00:00\",\"breadcrumb\":{\"@id\":\"http:\\\/\\\/la-sorpresa-coaching.nl\\\/es\\\/la-sorpresa-coaching-coaching\\\/#breadcrumb\"},\"inLanguage\":\"es\",\"potentialAction\":[{\"@type\":\"ReadAction\",\"target\":[\"http:\\\/\\\/la-sorpresa-coaching.nl\\\/es\\\/la-sorpresa-coaching-coaching\\\/\"]}]},{\"@type\":\"BreadcrumbList\",\"@id\":\"http:\\\/\\\/la-sorpresa-coaching.nl\\\/es\\\/la-sorpresa-coaching-coaching\\\/#breadcrumb\",\"itemListElement\":[{\"@type\":\"ListItem\",\"position\":1,\"name\":\"Home\",\"item\":\"http:\\\/\\\/la-sorpresa-coaching.nl\\\/\"},{\"@type\":\"ListItem\",\"position\":2,\"name\":\"La Sorpresa Coaching &#038; Trainingen | Coaching\"}]},{\"@type\":\"WebSite\",\"@id\":\"http:\\\/\\\/la-sorpresa-coaching.nl\\\/#website\",\"url\":\"http:\\\/\\\/la-sorpresa-coaching.nl\\\/\",\"name\":\"La Sorpresa Coaching & Training\",\"description\":\"ben jij benieuwd naar de verrassing in jezelf?\",\"publisher\":{\"@id\":\"http:\\\/\\\/la-sorpresa-coaching.nl\\\/#organization\"},\"potentialAction\":[{\"@type\":\"SearchAction\",\"target\":{\"@type\":\"EntryPoint\",\"urlTemplate\":\"http:\\\/\\\/la-sorpresa-coaching.nl\\\/?s={search_term_string}\"},\"query-input\":{\"@type\":\"PropertyValueSpecification\",\"valueRequired\":true,\"valueName\":\"search_term_string\"}}],\"inLanguage\":\"es\"},{\"@type\":\"Organization\",\"@id\":\"http:\\\/\\\/la-sorpresa-coaching.nl\\\/#organization\",\"name\":\"La Sorpresa Coaching & Training\",\"url\":\"http:\\\/\\\/la-sorpresa-coaching.nl\\\/\",\"logo\":{\"@type\":\"ImageObject\",\"inLanguage\":\"es\",\"@id\":\"http:\\\/\\\/la-sorpresa-coaching.nl\\\/#\\\/schema\\\/logo\\\/image\\\/\",\"url\":\"https:\\\/\\\/la-sorpresa-coaching.nl\\\/wp-content\\\/uploads\\\/2019\\\/12\\\/Logo-copy-1.png\",\"contentUrl\":\"https:\\\/\\\/la-sorpresa-coaching.nl\\\/wp-content\\\/uploads\\\/2019\\\/12\\\/Logo-copy-1.png\",\"width\":640,\"height\":188,\"caption\":\"La Sorpresa Coaching & Training\"},\"image\":{\"@id\":\"http:\\\/\\\/la-sorpresa-coaching.nl\\\/#\\\/schema\\\/logo\\\/image\\\/\"},\"sameAs\":[\"https:\\\/\\\/www.facebook.com\\\/La-Sorpresa-Coaching-106526217560482\\\/?modal=admin_todo_tour\",\"https:\\\/\\\/www.instagram.com\\\/lasorpresacoaching\\\/\",\"https:\\\/\\\/www.linkedin.com\\\/in\\\/la-sorpresa-coaching\\\/\"]}]}<\/script>\n<!-- \/ Yoast SEO plugin. -->","yoast_head_json":{"title":"La Sorpresa Coaching & Trainingen | Coaching - La Sorpresa Coaching","robots":{"index":"index","follow":"follow","max-snippet":"max-snippet:-1","max-image-preview":"max-image-preview:large","max-video-preview":"max-video-preview:-1"},"canonical":"http:\/\/la-sorpresa-coaching.nl\/es\/la-sorpresa-coaching-coaching\/","og_locale":"es_ES","og_type":"article","og_title":"La Sorpresa Coaching & Trainingen | Coaching - La Sorpresa Coaching","og_url":"http:\/\/la-sorpresa-coaching.nl\/es\/la-sorpresa-coaching-coaching\/","og_site_name":"La Sorpresa Coaching","article_publisher":"https:\/\/www.facebook.com\/La-Sorpresa-Coaching-106526217560482\/?modal=admin_todo_tour","article_modified_time":"2022-05-08T06:48:18+00:00","og_image":[{"width":1030,"height":687,"url":"https:\/\/la-sorpresa-coaching.nl\/wp-content\/uploads\/2020\/06\/MG_4231-1030x687.jpg","type":"image\/jpeg"}],"twitter_card":"summary_large_image","twitter_misc":{"Tiempo de lectura":"5 minutos"},"schema":{"@context":"https:\/\/schema.org","@graph":[{"@type":"WebPage","@id":"http:\/\/la-sorpresa-coaching.nl\/es\/la-sorpresa-coaching-coaching\/","url":"http:\/\/la-sorpresa-coaching.nl\/es\/la-sorpresa-coaching-coaching\/","name":"La Sorpresa Coaching & Trainingen | Coaching - La Sorpresa Coaching","isPartOf":{"@id":"http:\/\/la-sorpresa-coaching.nl\/#website"},"datePublished":"2019-12-30T21:03:00+00:00","dateModified":"2022-05-08T06:48:18+00:00","breadcrumb":{"@id":"http:\/\/la-sorpresa-coaching.nl\/es\/la-sorpresa-coaching-coaching\/#breadcrumb"},"inLanguage":"es","potentialAction":[{"@type":"ReadAction","target":["http:\/\/la-sorpresa-coaching.nl\/es\/la-sorpresa-coaching-coaching\/"]}]},{"@type":"BreadcrumbList","@id":"http:\/\/la-sorpresa-coaching.nl\/es\/la-sorpresa-coaching-coaching\/#breadcrumb","itemListElement":[{"@type":"ListItem","position":1,"name":"Home","item":"http:\/\/la-sorpresa-coaching.nl\/"},{"@type":"ListItem","position":2,"name":"La Sorpresa Coaching &#038; Trainingen | Coaching"}]},{"@type":"WebSite","@id":"http:\/\/la-sorpresa-coaching.nl\/#website","url":"http:\/\/la-sorpresa-coaching.nl\/","name":"La Sorpresa Coaching & Training","description":"ben jij benieuwd naar de verrassing in jezelf?","publisher":{"@id":"http:\/\/la-sorpresa-coaching.nl\/#organization"},"potentialAction":[{"@type":"SearchAction","target":{"@type":"EntryPoint","urlTemplate":"http:\/\/la-sorpresa-coaching.nl\/?s={search_term_string}"},"query-input":{"@type":"PropertyValueSpecification","valueRequired":true,"valueName":"search_term_string"}}],"inLanguage":"es"},{"@type":"Organization","@id":"http:\/\/la-sorpresa-coaching.nl\/#organization","name":"La Sorpresa Coaching & Training","url":"http:\/\/la-sorpresa-coaching.nl\/","logo":{"@type":"ImageObject","inLanguage":"es","@id":"http:\/\/la-sorpresa-coaching.nl\/#\/schema\/logo\/image\/","url":"https:\/\/la-sorpresa-coaching.nl\/wp-content\/uploads\/2019\/12\/Logo-copy-1.png","contentUrl":"https:\/\/la-sorpresa-coaching.nl\/wp-content\/uploads\/2019\/12\/Logo-copy-1.png","width":640,"height":188,"caption":"La Sorpresa Coaching & Training"},"image":{"@id":"http:\/\/la-sorpresa-coaching.nl\/#\/schema\/logo\/image\/"},"sameAs":["https:\/\/www.facebook.com\/La-Sorpresa-Coaching-106526217560482\/?modal=admin_todo_tour","https:\/\/www.instagram.com\/lasorpresacoaching\/","https:\/\/www.linkedin.com\/in\/la-sorpresa-coaching\/"]}]}},"_links":{"self":[{"href":"https:\/\/la-sorpresa-coaching.nl\/es\/wp-json\/wp\/v2\/pages\/102","targetHints":{"allow":["GET"]}}],"collection":[{"href":"https:\/\/la-sorpresa-coaching.nl\/es\/wp-json\/wp\/v2\/pages"}],"about":[{"href":"https:\/\/la-sorpresa-coaching.nl\/es\/wp-json\/wp\/v2\/types\/page"}],"author":[{"embeddable":true,"href":"https:\/\/la-sorpresa-coaching.nl\/es\/wp-json\/wp\/v2\/users\/1"}],"replies":[{"embeddable":true,"href":"https:\/\/la-sorpresa-coaching.nl\/es\/wp-json\/wp\/v2\/comments?post=102"}],"version-history":[{"count":22,"href":"https:\/\/la-sorpresa-coaching.nl\/es\/wp-json\/wp\/v2\/pages\/102\/revisions"}],"predecessor-version":[{"id":955,"href":"https:\/\/la-sorpresa-coaching.nl\/es\/wp-json\/wp\/v2\/pages\/102\/revisions\/955"}],"wp:attachment":[{"href":"https:\/\/la-sorpresa-coaching.nl\/es\/wp-json\/wp\/v2\/media?parent=102"}],"curies":[{"name":"wp","href":"https:\/\/api.w.org\/{rel}","templated":true}]}}